{"id":608,"date":"2019-12-13T17:33:39","date_gmt":"2019-12-13T14:33:39","guid":{"rendered":"http:\/\/artemavitra.com\/?post_type=product&#038;p=608"},"modified":"2024-07-22T15:46:05","modified_gmt":"2024-07-22T12:46:05","slug":"vitrafresh-deterjan-haznesi-montaj-aparati-420789yp1te","status":"publish","type":"product","link":"https:\/\/artemavitra.com\/index.php\/urun\/vitrafresh-deterjan-haznesi-montaj-aparati-420789yp1te\/","title":{"rendered":"VitrAfresh deterjan haznesi montaj aparat\u0131 (420789YP1TE)"},"content":{"rendered":"<p>T\u00fcm VitrAfresh \u00fcr\u00fcnler i\u00e7in ortak kullan\u0131m<\/p>\n","protected":false},"excerpt":{"rendered":"<p>T\u00fcm VitrAfresh \u00fcr\u00fcnler i\u00e7in ortak kullan\u0131m<\/p>\n","protected":false},"featured_media":609,"comment_status":"open","ping_status":"closed","template":"","meta":[],"product_brand":[],"product_cat":[701],"product_tag":[710,24,517,709,703,271,23,705,634,621,177,553],"class_list":{"0":"post-608","1":"product","2":"type-product","3":"status-publish","4":"has-post-thumbnail","6":"product_cat-vitrafresh-deterjan-haznesi","7":"product_tag-420789yp1te","8":"product_tag-aparat","9":"product_tag-deterjan","10":"product_tag-dolum","11":"product_tag-fresh","12":"product_tag-kullanim","13":"product_tag-montaj","14":"product_tag-ortak","15":"product_tag-sistemleri","16":"product_tag-tapasi","17":"product_tag-tum","18":"product_tag-vitra","20":"first","21":"outofstock","22":"shipping-taxable","23":"product-type-simple"},"jetpack_sharing_enabled":true,"_links":{"self":[{"href":"https:\/\/artemavitra.com\/index.php\/wp-json\/wp\/v2\/product\/608","targetHints":{"allow":["GET"]}}],"collection":[{"href":"https:\/\/artemavitra.com\/index.php\/wp-json\/wp\/v2\/product"}],"about":[{"href":"https:\/\/artemavitra.com\/index.php\/wp-json\/wp\/v2\/types\/product"}],"replies":[{"embeddable":true,"href":"https:\/\/artemavitra.com\/index.php\/wp-json\/wp\/v2\/comments?post=608"}],"version-history":[{"count":1,"href":"https:\/\/artemavitra.com\/index.php\/wp-json\/wp\/v2\/product\/608\/revisions"}],"predecessor-version":[{"id":4777,"href":"https:\/\/artemavitra.com\/index.php\/wp-json\/wp\/v2\/product\/608\/revisions\/4777"}],"wp:featuredmedia":[{"embeddable":true,"href":"https:\/\/artemavitra.com\/index.php\/wp-json\/wp\/v2\/media\/609"}],"wp:attachment":[{"href":"https:\/\/artemavitra.com\/index.php\/wp-json\/wp\/v2\/media?parent=608"}],"wp:term":[{"taxonomy":"product_brand","embeddable":true,"href":"https:\/\/artemavitra.com\/index.php\/wp-json\/wp\/v2\/product_brand?post=608"},{"taxonomy":"product_cat","embeddable":true,"href":"https:\/\/artemavitra.com\/index.php\/wp-json\/wp\/v2\/product_cat?post=608"},{"taxonomy":"product_tag","embeddable":true,"href":"https:\/\/artemavitra.com\/index.php\/wp-json\/wp\/v2\/product_tag?post=608"}],"curies":[{"name":"wp","href":"https:\/\/api.w.org\/{rel}","templated":true}]}}