{"id":644,"date":"2019-12-13T18:16:15","date_gmt":"2019-12-13T15:16:15","guid":{"rendered":"http:\/\/artemavitra.com\/?post_type=product&#038;p=644"},"modified":"2024-07-22T15:45:43","modified_gmt":"2024-07-22T12:45:43","slug":"u-buyuk-korkuluk-6606550","status":"publish","type":"product","link":"https:\/\/artemavitra.com\/index.php\/urun\/u-buyuk-korkuluk-6606550\/","title":{"rendered":"U b\u00fcy\u00fck korkuluk (6606550)"},"content":{"rendered":"<p>Boy dolab\u0131<br \/>\nFrame<\/p>\n","protected":false},"excerpt":{"rendered":"<p>Boy dolab\u0131 Frame<\/p>\n","protected":false},"featured_media":645,"comment_status":"open","ping_status":"closed","template":"","meta":[],"product_brand":[],"product_cat":[721],"product_tag":[768,725,723,771,770,555,772,767,746,724,726,769],"class_list":{"0":"post-644","1":"product","2":"type-product","3":"status-publish","4":"has-post-thumbnail","6":"product_cat-aksesuar-ve-tamamlayicilar","7":"product_tag-768","8":"product_tag-aksesuar","9":"product_tag-banyo","10":"product_tag-boy","11":"product_tag-buyuk","12":"product_tag-cerceve","13":"product_tag-dolap","14":"product_tag-frame","15":"product_tag-korkuluk","16":"product_tag-mobilya","17":"product_tag-tamamlayici","18":"product_tag-u","20":"first","21":"outofstock","22":"shipping-taxable","23":"product-type-simple"},"jetpack_sharing_enabled":true,"_links":{"self":[{"href":"https:\/\/artemavitra.com\/index.php\/wp-json\/wp\/v2\/product\/644","targetHints":{"allow":["GET"]}}],"collection":[{"href":"https:\/\/artemavitra.com\/index.php\/wp-json\/wp\/v2\/product"}],"about":[{"href":"https:\/\/artemavitra.com\/index.php\/wp-json\/wp\/v2\/types\/product"}],"replies":[{"embeddable":true,"href":"https:\/\/artemavitra.com\/index.php\/wp-json\/wp\/v2\/comments?post=644"}],"version-history":[{"count":1,"href":"https:\/\/artemavitra.com\/index.php\/wp-json\/wp\/v2\/product\/644\/revisions"}],"predecessor-version":[{"id":4760,"href":"https:\/\/artemavitra.com\/index.php\/wp-json\/wp\/v2\/product\/644\/revisions\/4760"}],"wp:featuredmedia":[{"embeddable":true,"href":"https:\/\/artemavitra.com\/index.php\/wp-json\/wp\/v2\/media\/645"}],"wp:attachment":[{"href":"https:\/\/artemavitra.com\/index.php\/wp-json\/wp\/v2\/media?parent=644"}],"wp:term":[{"taxonomy":"product_brand","embeddable":true,"href":"https:\/\/artemavitra.com\/index.php\/wp-json\/wp\/v2\/product_brand?post=644"},{"taxonomy":"product_cat","embeddable":true,"href":"https:\/\/artemavitra.com\/index.php\/wp-json\/wp\/v2\/product_cat?post=644"},{"taxonomy":"product_tag","embeddable":true,"href":"https:\/\/artemavitra.com\/index.php\/wp-json\/wp\/v2\/product_tag?post=644"}],"curies":[{"name":"wp","href":"https:\/\/api.w.org\/{rel}","templated":true}]}}