{"id":648,"date":"2019-12-13T18:22:05","date_gmt":"2019-12-13T15:22:05","guid":{"rendered":"http:\/\/artemavitra.com\/?post_type=product&#038;p=648"},"modified":"2024-07-22T15:45:41","modified_gmt":"2024-07-22T12:45:41","slug":"aski-elemani-kancasi-6612541","status":"publish","type":"product","link":"https:\/\/artemavitra.com\/index.php\/urun\/aski-elemani-kancasi-6612541\/","title":{"rendered":"Ask\u0131 eleman\u0131 kancas\u0131 (6612541)"},"content":{"rendered":"<p>Elegance, Frame, Integra, Valerta, D\u00fcz Aynalar<\/p>\n","protected":false},"excerpt":{"rendered":"<p>Elegance, Frame, Integra, Valerta, D\u00fcz Aynalar<\/p>\n","protected":false},"featured_media":649,"comment_status":"open","ping_status":"closed","template":"","meta":[],"product_brand":[],"product_cat":[773],"product_tag":[779,775,752,784,783,736,776,767,782,780,781,686,777,737],"class_list":{"0":"post-648","1":"product","2":"type-product","3":"status-publish","4":"has-post-thumbnail","6":"product_cat-aski-elemani-parcalari","7":"product_tag-779","8":"product_tag-aski","9":"product_tag-ayna","10":"product_tag-aynalar","11":"product_tag-duz","12":"product_tag-elegance","13":"product_tag-eleman","14":"product_tag-frame","15":"product_tag-integra","16":"product_tag-kanca","17":"product_tag-kancasi","18":"product_tag-parca","19":"product_tag-parcalari","20":"product_tag-valerta","22":"first","23":"outofstock","24":"shipping-taxable","25":"product-type-simple"},"jetpack_sharing_enabled":true,"_links":{"self":[{"href":"https:\/\/artemavitra.com\/index.php\/wp-json\/wp\/v2\/product\/648","targetHints":{"allow":["GET"]}}],"collection":[{"href":"https:\/\/artemavitra.com\/index.php\/wp-json\/wp\/v2\/product"}],"about":[{"href":"https:\/\/artemavitra.com\/index.php\/wp-json\/wp\/v2\/types\/product"}],"replies":[{"embeddable":true,"href":"https:\/\/artemavitra.com\/index.php\/wp-json\/wp\/v2\/comments?post=648"}],"version-history":[{"count":1,"href":"https:\/\/artemavitra.com\/index.php\/wp-json\/wp\/v2\/product\/648\/revisions"}],"predecessor-version":[{"id":4758,"href":"https:\/\/artemavitra.com\/index.php\/wp-json\/wp\/v2\/product\/648\/revisions\/4758"}],"wp:featuredmedia":[{"embeddable":true,"href":"https:\/\/artemavitra.com\/index.php\/wp-json\/wp\/v2\/media\/649"}],"wp:attachment":[{"href":"https:\/\/artemavitra.com\/index.php\/wp-json\/wp\/v2\/media?parent=648"}],"wp:term":[{"taxonomy":"product_brand","embeddable":true,"href":"https:\/\/artemavitra.com\/index.php\/wp-json\/wp\/v2\/product_brand?post=648"},{"taxonomy":"product_cat","embeddable":true,"href":"https:\/\/artemavitra.com\/index.php\/wp-json\/wp\/v2\/product_cat?post=648"},{"taxonomy":"product_tag","embeddable":true,"href":"https:\/\/artemavitra.com\/index.php\/wp-json\/wp\/v2\/product_tag?post=648"}],"curies":[{"name":"wp","href":"https:\/\/api.w.org\/{rel}","templated":true}]}}