{"id":650,"date":"2019-12-13T18:24:13","date_gmt":"2019-12-13T15:24:13","guid":{"rendered":"http:\/\/artemavitra.com\/?post_type=product&#038;p=650"},"modified":"2024-07-22T15:45:39","modified_gmt":"2024-07-22T12:45:39","slug":"metal-aski-tapasi-6605864","status":"publish","type":"product","link":"https:\/\/artemavitra.com\/index.php\/urun\/metal-aski-tapasi-6605864\/","title":{"rendered":"Metal ask\u0131 tapas\u0131 (6605864)"},"content":{"rendered":"<p>T\u00fcm seriler<\/p>\n","protected":false},"excerpt":{"rendered":"<p>T\u00fcm seriler<\/p>\n","protected":false},"featured_media":651,"comment_status":"open","ping_status":"closed","template":"","meta":[],"product_brand":[],"product_cat":[773],"product_tag":[785,775,723,776,33,724,686,777,786,787,363,621,177],"class_list":{"0":"post-650","1":"product","2":"type-product","3":"status-publish","4":"has-post-thumbnail","6":"product_cat-aski-elemani-parcalari","7":"product_tag-785","8":"product_tag-aski","9":"product_tag-banyo","10":"product_tag-eleman","11":"product_tag-metal","12":"product_tag-mobilya","13":"product_tag-parca","14":"product_tag-parcalari","15":"product_tag-seri","16":"product_tag-seriler","17":"product_tag-tapa","18":"product_tag-tapasi","19":"product_tag-tum","21":"first","22":"outofstock","23":"shipping-taxable","24":"product-type-simple"},"jetpack_sharing_enabled":true,"_links":{"self":[{"href":"https:\/\/artemavitra.com\/index.php\/wp-json\/wp\/v2\/product\/650","targetHints":{"allow":["GET"]}}],"collection":[{"href":"https:\/\/artemavitra.com\/index.php\/wp-json\/wp\/v2\/product"}],"about":[{"href":"https:\/\/artemavitra.com\/index.php\/wp-json\/wp\/v2\/types\/product"}],"replies":[{"embeddable":true,"href":"https:\/\/artemavitra.com\/index.php\/wp-json\/wp\/v2\/comments?post=650"}],"version-history":[{"count":1,"href":"https:\/\/artemavitra.com\/index.php\/wp-json\/wp\/v2\/product\/650\/revisions"}],"predecessor-version":[{"id":4757,"href":"https:\/\/artemavitra.com\/index.php\/wp-json\/wp\/v2\/product\/650\/revisions\/4757"}],"wp:featuredmedia":[{"embeddable":true,"href":"https:\/\/artemavitra.com\/index.php\/wp-json\/wp\/v2\/media\/651"}],"wp:attachment":[{"href":"https:\/\/artemavitra.com\/index.php\/wp-json\/wp\/v2\/media?parent=650"}],"wp:term":[{"taxonomy":"product_brand","embeddable":true,"href":"https:\/\/artemavitra.com\/index.php\/wp-json\/wp\/v2\/product_brand?post=650"},{"taxonomy":"product_cat","embeddable":true,"href":"https:\/\/artemavitra.com\/index.php\/wp-json\/wp\/v2\/product_cat?post=650"},{"taxonomy":"product_tag","embeddable":true,"href":"https:\/\/artemavitra.com\/index.php\/wp-json\/wp\/v2\/product_tag?post=650"}],"curies":[{"name":"wp","href":"https:\/\/api.w.org\/{rel}","templated":true}]}}