{"id":671,"date":"2019-12-13T22:54:10","date_gmt":"2019-12-13T19:54:10","guid":{"rendered":"http:\/\/artemavitra.com\/?post_type=product&#038;p=671"},"modified":"2024-07-22T15:45:31","modified_gmt":"2024-07-22T12:45:31","slug":"anahtar-ara-baglanti-kablosu-uclu-6613284","status":"publish","type":"product","link":"https:\/\/artemavitra.com\/index.php\/urun\/anahtar-ara-baglanti-kablosu-uclu-6613284\/","title":{"rendered":"Anahtar ara ba\u011flant\u0131 kablosu \u00fc\u00e7l\u00fc (6613284)"},"content":{"rendered":"<p>Sento<\/p>\n","protected":false},"excerpt":{"rendered":"<p>Sento<\/p>\n","protected":false},"featured_media":672,"comment_status":"open","ping_status":"closed","template":"","meta":[],"product_brand":[],"product_cat":[812],"product_tag":[819,469,741,814,689,723,537,565,566,816,815,724,457,820],"class_list":{"0":"post-671","1":"product","2":"type-product","3":"status-publish","4":"has-post-thumbnail","6":"product_cat-aydinlatmalar","7":"product_tag-819","8":"product_tag-anahtar","9":"product_tag-ara","10":"product_tag-aydinlatmalar","11":"product_tag-baglanti","12":"product_tag-banyo","13":"product_tag-elektrikli","14":"product_tag-kablo","15":"product_tag-kablosu","16":"product_tag-malzeme","17":"product_tag-malzemeler","18":"product_tag-mobilya","19":"product_tag-sento","20":"product_tag-uclu","22":"first","23":"outofstock","24":"shipping-taxable","25":"product-type-simple"},"jetpack_sharing_enabled":true,"_links":{"self":[{"href":"https:\/\/artemavitra.com\/index.php\/wp-json\/wp\/v2\/product\/671","targetHints":{"allow":["GET"]}}],"collection":[{"href":"https:\/\/artemavitra.com\/index.php\/wp-json\/wp\/v2\/product"}],"about":[{"href":"https:\/\/artemavitra.com\/index.php\/wp-json\/wp\/v2\/types\/product"}],"replies":[{"embeddable":true,"href":"https:\/\/artemavitra.com\/index.php\/wp-json\/wp\/v2\/comments?post=671"}],"version-history":[{"count":1,"href":"https:\/\/artemavitra.com\/index.php\/wp-json\/wp\/v2\/product\/671\/revisions"}],"predecessor-version":[{"id":4748,"href":"https:\/\/artemavitra.com\/index.php\/wp-json\/wp\/v2\/product\/671\/revisions\/4748"}],"wp:featuredmedia":[{"embeddable":true,"href":"https:\/\/artemavitra.com\/index.php\/wp-json\/wp\/v2\/media\/672"}],"wp:attachment":[{"href":"https:\/\/artemavitra.com\/index.php\/wp-json\/wp\/v2\/media?parent=671"}],"wp:term":[{"taxonomy":"product_brand","embeddable":true,"href":"https:\/\/artemavitra.com\/index.php\/wp-json\/wp\/v2\/product_brand?post=671"},{"taxonomy":"product_cat","embeddable":true,"href":"https:\/\/artemavitra.com\/index.php\/wp-json\/wp\/v2\/product_cat?post=671"},{"taxonomy":"product_tag","embeddable":true,"href":"https:\/\/artemavitra.com\/index.php\/wp-json\/wp\/v2\/product_tag?post=671"}],"curies":[{"name":"wp","href":"https:\/\/api.w.org\/{rel}","templated":true}]}}