{"id":683,"date":"2019-12-13T23:04:43","date_gmt":"2019-12-13T20:04:43","guid":{"rendered":"http:\/\/artemavitra.com\/?post_type=product&#038;p=683"},"modified":"2024-07-22T15:45:28","modified_gmt":"2024-07-22T12:45:28","slug":"coklayici-2-1-mm-jak-4x-6613322","status":"publish","type":"product","link":"https:\/\/artemavitra.com\/index.php\/urun\/coklayici-2-1-mm-jak-4x-6613322\/","title":{"rendered":"\u00c7oklay\u0131c\u0131 2.1 mm jak 4x (6613322)"},"content":{"rendered":"<p>Ecora<\/p>\n","protected":false},"excerpt":{"rendered":"<p>Ecora<\/p>\n","protected":false},"featured_media":684,"comment_status":"open","ping_status":"closed","template":"","meta":[],"product_brand":[],"product_cat":[812],"product_tag":[835,832,814,723,833,799,537,834,816,815,465,724],"class_list":{"0":"post-683","1":"product","2":"type-product","3":"status-publish","4":"has-post-thumbnail","6":"product_cat-aydinlatmalar","7":"product_tag-4x","8":"product_tag-832","9":"product_tag-aydinlatmalar","10":"product_tag-banyo","11":"product_tag-coklayici","12":"product_tag-ecora","13":"product_tag-elektrikli","14":"product_tag-jak","15":"product_tag-malzeme","16":"product_tag-malzemeler","17":"product_tag-mm","18":"product_tag-mobilya","20":"first","21":"outofstock","22":"shipping-taxable","23":"product-type-simple"},"jetpack_sharing_enabled":true,"_links":{"self":[{"href":"https:\/\/artemavitra.com\/index.php\/wp-json\/wp\/v2\/product\/683","targetHints":{"allow":["GET"]}}],"collection":[{"href":"https:\/\/artemavitra.com\/index.php\/wp-json\/wp\/v2\/product"}],"about":[{"href":"https:\/\/artemavitra.com\/index.php\/wp-json\/wp\/v2\/types\/product"}],"replies":[{"embeddable":true,"href":"https:\/\/artemavitra.com\/index.php\/wp-json\/wp\/v2\/comments?post=683"}],"version-history":[{"count":1,"href":"https:\/\/artemavitra.com\/index.php\/wp-json\/wp\/v2\/product\/683\/revisions"}],"predecessor-version":[{"id":4742,"href":"https:\/\/artemavitra.com\/index.php\/wp-json\/wp\/v2\/product\/683\/revisions\/4742"}],"wp:featuredmedia":[{"embeddable":true,"href":"https:\/\/artemavitra.com\/index.php\/wp-json\/wp\/v2\/media\/684"}],"wp:attachment":[{"href":"https:\/\/artemavitra.com\/index.php\/wp-json\/wp\/v2\/media?parent=683"}],"wp:term":[{"taxonomy":"product_brand","embeddable":true,"href":"https:\/\/artemavitra.com\/index.php\/wp-json\/wp\/v2\/product_brand?post=683"},{"taxonomy":"product_cat","embeddable":true,"href":"https:\/\/artemavitra.com\/index.php\/wp-json\/wp\/v2\/product_cat?post=683"},{"taxonomy":"product_tag","embeddable":true,"href":"https:\/\/artemavitra.com\/index.php\/wp-json\/wp\/v2\/product_tag?post=683"}],"curies":[{"name":"wp","href":"https:\/\/api.w.org\/{rel}","templated":true}]}}