{"id":736,"date":"2019-12-13T23:53:16","date_gmt":"2019-12-13T20:53:16","guid":{"rendered":"http:\/\/artemavitra.com\/?post_type=product&#038;p=736"},"modified":"2024-07-22T15:45:14","modified_gmt":"2024-07-22T12:45:14","slug":"dugme-kulp-tabani-6606440","status":"publish","type":"product","link":"https:\/\/artemavitra.com\/index.php\/urun\/dugme-kulp-tabani-6606440\/","title":{"rendered":"D\u00fc\u011fme kulp taban\u0131 (6606440)"},"content":{"rendered":"<p>Ayd\u0131nlatmal\u0131 ayna<br \/>\nMemoria, Sento<\/p>\n","protected":false},"excerpt":{"rendered":"<p>Ayd\u0131nlatmal\u0131 ayna Memoria, Sento<\/p>\n","protected":false},"featured_media":737,"comment_status":"open","ping_status":"closed","template":"","meta":[],"product_brand":[],"product_cat":[913],"product_tag":[923,926,752,924,915,794,457,925],"class_list":{"0":"post-736","1":"product","2":"type-product","3":"status-publish","4":"has-post-thumbnail","6":"product_cat-kulplar","7":"product_tag-923","8":"product_tag-aydinlatmali","9":"product_tag-ayna","10":"product_tag-dugme","11":"product_tag-kulp","12":"product_tag-memoria","13":"product_tag-sento","14":"product_tag-tabani","16":"first","17":"outofstock","18":"shipping-taxable","19":"product-type-simple"},"jetpack_sharing_enabled":true,"_links":{"self":[{"href":"https:\/\/artemavitra.com\/index.php\/wp-json\/wp\/v2\/product\/736","targetHints":{"allow":["GET"]}}],"collection":[{"href":"https:\/\/artemavitra.com\/index.php\/wp-json\/wp\/v2\/product"}],"about":[{"href":"https:\/\/artemavitra.com\/index.php\/wp-json\/wp\/v2\/types\/product"}],"replies":[{"embeddable":true,"href":"https:\/\/artemavitra.com\/index.php\/wp-json\/wp\/v2\/comments?post=736"}],"version-history":[{"count":1,"href":"https:\/\/artemavitra.com\/index.php\/wp-json\/wp\/v2\/product\/736\/revisions"}],"predecessor-version":[{"id":4716,"href":"https:\/\/artemavitra.com\/index.php\/wp-json\/wp\/v2\/product\/736\/revisions\/4716"}],"wp:featuredmedia":[{"embeddable":true,"href":"https:\/\/artemavitra.com\/index.php\/wp-json\/wp\/v2\/media\/737"}],"wp:attachment":[{"href":"https:\/\/artemavitra.com\/index.php\/wp-json\/wp\/v2\/media?parent=736"}],"wp:term":[{"taxonomy":"product_brand","embeddable":true,"href":"https:\/\/artemavitra.com\/index.php\/wp-json\/wp\/v2\/product_brand?post=736"},{"taxonomy":"product_cat","embeddable":true,"href":"https:\/\/artemavitra.com\/index.php\/wp-json\/wp\/v2\/product_cat?post=736"},{"taxonomy":"product_tag","embeddable":true,"href":"https:\/\/artemavitra.com\/index.php\/wp-json\/wp\/v2\/product_tag?post=736"}],"curies":[{"name":"wp","href":"https:\/\/api.w.org\/{rel}","templated":true}]}}