{"id":744,"date":"2019-12-13T23:58:17","date_gmt":"2019-12-13T20:58:17","guid":{"rendered":"http:\/\/artemavitra.com\/?post_type=product&#038;p=744"},"modified":"2024-07-22T15:45:12","modified_gmt":"2024-07-22T12:45:12","slug":"samet-cekmece-kapakcigi-6612027","status":"publish","type":"product","link":"https:\/\/artemavitra.com\/index.php\/urun\/samet-cekmece-kapakcigi-6612027\/","title":{"rendered":"Samet \u00e7ekmece kapak\u00e7\u0131\u011f\u0131 (6612027)"},"content":{"rendered":"<p>VitrA logolu<br \/>\nS50<\/p>\n","protected":false},"excerpt":{"rendered":"<p>VitrA logolu S50<\/p>\n","protected":false},"featured_media":745,"comment_status":"open","ping_status":"closed","template":"","meta":[],"product_brand":[],"product_cat":[913],"product_tag":[934,936,937,915,938,261,935,553],"class_list":{"0":"post-744","1":"product","2":"type-product","3":"status-publish","4":"has-post-thumbnail","6":"product_cat-kulplar","7":"product_tag-934","8":"product_tag-cekmece","9":"product_tag-kapakcigi","10":"product_tag-kulp","11":"product_tag-logolu","12":"product_tag-s50","13":"product_tag-samet","14":"product_tag-vitra","16":"first","17":"outofstock","18":"shipping-taxable","19":"product-type-simple"},"jetpack_sharing_enabled":true,"_links":{"self":[{"href":"https:\/\/artemavitra.com\/index.php\/wp-json\/wp\/v2\/product\/744","targetHints":{"allow":["GET"]}}],"collection":[{"href":"https:\/\/artemavitra.com\/index.php\/wp-json\/wp\/v2\/product"}],"about":[{"href":"https:\/\/artemavitra.com\/index.php\/wp-json\/wp\/v2\/types\/product"}],"replies":[{"embeddable":true,"href":"https:\/\/artemavitra.com\/index.php\/wp-json\/wp\/v2\/comments?post=744"}],"version-history":[{"count":1,"href":"https:\/\/artemavitra.com\/index.php\/wp-json\/wp\/v2\/product\/744\/revisions"}],"predecessor-version":[{"id":4712,"href":"https:\/\/artemavitra.com\/index.php\/wp-json\/wp\/v2\/product\/744\/revisions\/4712"}],"wp:featuredmedia":[{"embeddable":true,"href":"https:\/\/artemavitra.com\/index.php\/wp-json\/wp\/v2\/media\/745"}],"wp:attachment":[{"href":"https:\/\/artemavitra.com\/index.php\/wp-json\/wp\/v2\/media?parent=744"}],"wp:term":[{"taxonomy":"product_brand","embeddable":true,"href":"https:\/\/artemavitra.com\/index.php\/wp-json\/wp\/v2\/product_brand?post=744"},{"taxonomy":"product_cat","embeddable":true,"href":"https:\/\/artemavitra.com\/index.php\/wp-json\/wp\/v2\/product_cat?post=744"},{"taxonomy":"product_tag","embeddable":true,"href":"https:\/\/artemavitra.com\/index.php\/wp-json\/wp\/v2\/product_tag?post=744"}],"curies":[{"name":"wp","href":"https:\/\/api.w.org\/{rel}","templated":true}]}}