{"id":756,"date":"2019-12-14T23:15:51","date_gmt":"2019-12-14T20:15:51","guid":{"rendered":"http:\/\/artemavitra.com\/?post_type=product&#038;p=756"},"modified":"2024-07-22T15:45:10","modified_gmt":"2024-07-22T12:45:10","slug":"mentese-kapakcigi-6605807","status":"publish","type":"product","link":"https:\/\/artemavitra.com\/index.php\/urun\/mentese-kapakcigi-6605807\/","title":{"rendered":"Mente\u015fe kapak\u00e7\u0131\u011f\u0131 (6605807)"},"content":{"rendered":"<p>Espace, Form 500, S50<\/p>\n","protected":false},"excerpt":{"rendered":"<p>Espace, Form 500, S50<\/p>\n","protected":false},"featured_media":757,"comment_status":"open","ping_status":"closed","template":"","meta":[],"product_brand":[],"product_cat":[943],"product_tag":[260,944,723,182,111,937,38,724,261],"class_list":{"0":"post-756","1":"product","2":"type-product","3":"status-publish","4":"has-post-thumbnail","6":"product_cat-menteseler","7":"product_tag-260","8":"product_tag-944","9":"product_tag-banyo","10":"product_tag-espace","11":"product_tag-form","12":"product_tag-kapakcigi","13":"product_tag-mentese","14":"product_tag-mobilya","15":"product_tag-s50","17":"first","18":"outofstock","19":"shipping-taxable","20":"product-type-simple"},"jetpack_sharing_enabled":true,"_links":{"self":[{"href":"https:\/\/artemavitra.com\/index.php\/wp-json\/wp\/v2\/product\/756","targetHints":{"allow":["GET"]}}],"collection":[{"href":"https:\/\/artemavitra.com\/index.php\/wp-json\/wp\/v2\/product"}],"about":[{"href":"https:\/\/artemavitra.com\/index.php\/wp-json\/wp\/v2\/types\/product"}],"replies":[{"embeddable":true,"href":"https:\/\/artemavitra.com\/index.php\/wp-json\/wp\/v2\/comments?post=756"}],"version-history":[{"count":1,"href":"https:\/\/artemavitra.com\/index.php\/wp-json\/wp\/v2\/product\/756\/revisions"}],"predecessor-version":[{"id":4709,"href":"https:\/\/artemavitra.com\/index.php\/wp-json\/wp\/v2\/product\/756\/revisions\/4709"}],"wp:featuredmedia":[{"embeddable":true,"href":"https:\/\/artemavitra.com\/index.php\/wp-json\/wp\/v2\/media\/757"}],"wp:attachment":[{"href":"https:\/\/artemavitra.com\/index.php\/wp-json\/wp\/v2\/media?parent=756"}],"wp:term":[{"taxonomy":"product_brand","embeddable":true,"href":"https:\/\/artemavitra.com\/index.php\/wp-json\/wp\/v2\/product_brand?post=756"},{"taxonomy":"product_cat","embeddable":true,"href":"https:\/\/artemavitra.com\/index.php\/wp-json\/wp\/v2\/product_cat?post=756"},{"taxonomy":"product_tag","embeddable":true,"href":"https:\/\/artemavitra.com\/index.php\/wp-json\/wp\/v2\/product_tag?post=756"}],"curies":[{"name":"wp","href":"https:\/\/api.w.org\/{rel}","templated":true}]}}