{"id":765,"date":"2019-12-14T23:21:41","date_gmt":"2019-12-14T20:21:41","guid":{"rendered":"http:\/\/artemavitra.com\/?post_type=product&#038;p=765"},"modified":"2024-07-22T15:45:08","modified_gmt":"2024-07-22T12:45:08","slug":"mentese-tabani-6605653","status":"publish","type":"product","link":"https:\/\/artemavitra.com\/index.php\/urun\/mentese-tabani-6605653\/","title":{"rendered":"Mente\u015fe taban\u0131 (6605653)"},"content":{"rendered":"<p>Ek Mod\u00fcller, Options Lux<\/p>\n","protected":false},"excerpt":{"rendered":"<p>Ek Mod\u00fcller, Options Lux<\/p>\n","protected":false},"featured_media":766,"comment_status":"open","ping_status":"closed","template":"","meta":[],"product_brand":[],"product_cat":[943],"product_tag":[952,723,810,802,38,724,811,801,925],"class_list":{"0":"post-765","1":"product","2":"type-product","3":"status-publish","4":"has-post-thumbnail","6":"product_cat-menteseler","7":"product_tag-952","8":"product_tag-banyo","9":"product_tag-ek","10":"product_tag-lux","11":"product_tag-mentese","12":"product_tag-mobilya","13":"product_tag-moduller","14":"product_tag-options","15":"product_tag-tabani","17":"first","18":"outofstock","19":"shipping-taxable","20":"product-type-simple"},"jetpack_sharing_enabled":true,"_links":{"self":[{"href":"https:\/\/artemavitra.com\/index.php\/wp-json\/wp\/v2\/product\/765","targetHints":{"allow":["GET"]}}],"collection":[{"href":"https:\/\/artemavitra.com\/index.php\/wp-json\/wp\/v2\/product"}],"about":[{"href":"https:\/\/artemavitra.com\/index.php\/wp-json\/wp\/v2\/types\/product"}],"replies":[{"embeddable":true,"href":"https:\/\/artemavitra.com\/index.php\/wp-json\/wp\/v2\/comments?post=765"}],"version-history":[{"count":1,"href":"https:\/\/artemavitra.com\/index.php\/wp-json\/wp\/v2\/product\/765\/revisions"}],"predecessor-version":[{"id":4705,"href":"https:\/\/artemavitra.com\/index.php\/wp-json\/wp\/v2\/product\/765\/revisions\/4705"}],"wp:featuredmedia":[{"embeddable":true,"href":"https:\/\/artemavitra.com\/index.php\/wp-json\/wp\/v2\/media\/766"}],"wp:attachment":[{"href":"https:\/\/artemavitra.com\/index.php\/wp-json\/wp\/v2\/media?parent=765"}],"wp:term":[{"taxonomy":"product_brand","embeddable":true,"href":"https:\/\/artemavitra.com\/index.php\/wp-json\/wp\/v2\/product_brand?post=765"},{"taxonomy":"product_cat","embeddable":true,"href":"https:\/\/artemavitra.com\/index.php\/wp-json\/wp\/v2\/product_cat?post=765"},{"taxonomy":"product_tag","embeddable":true,"href":"https:\/\/artemavitra.com\/index.php\/wp-json\/wp\/v2\/product_tag?post=765"}],"curies":[{"name":"wp","href":"https:\/\/api.w.org\/{rel}","templated":true}]}}