{"id":767,"date":"2019-12-14T23:22:49","date_gmt":"2019-12-14T20:22:49","guid":{"rendered":"http:\/\/artemavitra.com\/?post_type=product&#038;p=767"},"modified":"2024-07-22T15:45:07","modified_gmt":"2024-07-22T12:45:07","slug":"kose-mentese-tabani-6607299","status":"publish","type":"product","link":"https:\/\/artemavitra.com\/index.php\/urun\/kose-mentese-tabani-6607299\/","title":{"rendered":"K\u00f6\u015fe mente\u015fe taban\u0131 (6607299)"},"content":{"rendered":"<p>Gala Classic, Solitaire Fit<\/p>\n","protected":false},"excerpt":{"rendered":"<p>Gala Classic, Solitaire Fit<\/p>\n","protected":false},"featured_media":768,"comment_status":"open","ping_status":"closed","template":"","meta":[],"product_brand":[],"product_cat":[943],"product_tag":[953,723,750,762,748,954,38,724,955,925],"class_list":{"0":"post-767","1":"product","2":"type-product","3":"status-publish","4":"has-post-thumbnail","6":"product_cat-menteseler","7":"product_tag-953","8":"product_tag-banyo","9":"product_tag-classic","10":"product_tag-fit","11":"product_tag-gala","12":"product_tag-kose","13":"product_tag-mentese","14":"product_tag-mobilya","15":"product_tag-solitaire","16":"product_tag-tabani","18":"first","19":"outofstock","20":"shipping-taxable","21":"product-type-simple"},"jetpack_sharing_enabled":true,"_links":{"self":[{"href":"https:\/\/artemavitra.com\/index.php\/wp-json\/wp\/v2\/product\/767","targetHints":{"allow":["GET"]}}],"collection":[{"href":"https:\/\/artemavitra.com\/index.php\/wp-json\/wp\/v2\/product"}],"about":[{"href":"https:\/\/artemavitra.com\/index.php\/wp-json\/wp\/v2\/types\/product"}],"replies":[{"embeddable":true,"href":"https:\/\/artemavitra.com\/index.php\/wp-json\/wp\/v2\/comments?post=767"}],"version-history":[{"count":1,"href":"https:\/\/artemavitra.com\/index.php\/wp-json\/wp\/v2\/product\/767\/revisions"}],"predecessor-version":[{"id":4704,"href":"https:\/\/artemavitra.com\/index.php\/wp-json\/wp\/v2\/product\/767\/revisions\/4704"}],"wp:featuredmedia":[{"embeddable":true,"href":"https:\/\/artemavitra.com\/index.php\/wp-json\/wp\/v2\/media\/768"}],"wp:attachment":[{"href":"https:\/\/artemavitra.com\/index.php\/wp-json\/wp\/v2\/media?parent=767"}],"wp:term":[{"taxonomy":"product_brand","embeddable":true,"href":"https:\/\/artemavitra.com\/index.php\/wp-json\/wp\/v2\/product_brand?post=767"},{"taxonomy":"product_cat","embeddable":true,"href":"https:\/\/artemavitra.com\/index.php\/wp-json\/wp\/v2\/product_cat?post=767"},{"taxonomy":"product_tag","embeddable":true,"href":"https:\/\/artemavitra.com\/index.php\/wp-json\/wp\/v2\/product_tag?post=767"}],"curies":[{"name":"wp","href":"https:\/\/api.w.org\/{rel}","templated":true}]}}