{"id":771,"date":"2019-12-14T23:25:35","date_gmt":"2019-12-14T20:25:35","guid":{"rendered":"http:\/\/artemavitra.com\/?post_type=product&#038;p=771"},"modified":"2024-07-22T15:45:06","modified_gmt":"2024-07-22T12:45:06","slug":"mentese-6603182","status":"publish","type":"product","link":"https:\/\/artemavitra.com\/index.php\/urun\/mentese-6603182\/","title":{"rendered":"Mente\u015fe (6603182)"},"content":{"rendered":"<p>Gardrop \u00fcnitesi i\u00e7in<br \/>\nNest Trendy, Nest, Integra, Valerta<\/p>\n","protected":false},"excerpt":{"rendered":"<p>Gardrop \u00fcnitesi i\u00e7in Nest Trendy, Nest, Integra, Valerta<\/p>\n","protected":false},"featured_media":772,"comment_status":"open","ping_status":"closed","template":"","meta":[],"product_brand":[],"product_cat":[943],"product_tag":[960,723,961,166,782,38,724,754,755,673,737],"class_list":{"0":"post-771","1":"product","2":"type-product","3":"status-publish","4":"has-post-thumbnail","6":"product_cat-menteseler","7":"product_tag-960","8":"product_tag-banyo","9":"product_tag-gardrop","10":"product_tag-icin","11":"product_tag-integra","12":"product_tag-mentese","13":"product_tag-mobilya","14":"product_tag-nest","15":"product_tag-trendy","16":"product_tag-unitesi","17":"product_tag-valerta","19":"first","20":"outofstock","21":"shipping-taxable","22":"product-type-simple"},"jetpack_sharing_enabled":true,"_links":{"self":[{"href":"https:\/\/artemavitra.com\/index.php\/wp-json\/wp\/v2\/product\/771","targetHints":{"allow":["GET"]}}],"collection":[{"href":"https:\/\/artemavitra.com\/index.php\/wp-json\/wp\/v2\/product"}],"about":[{"href":"https:\/\/artemavitra.com\/index.php\/wp-json\/wp\/v2\/types\/product"}],"replies":[{"embeddable":true,"href":"https:\/\/artemavitra.com\/index.php\/wp-json\/wp\/v2\/comments?post=771"}],"version-history":[{"count":1,"href":"https:\/\/artemavitra.com\/index.php\/wp-json\/wp\/v2\/product\/771\/revisions"}],"predecessor-version":[{"id":4702,"href":"https:\/\/artemavitra.com\/index.php\/wp-json\/wp\/v2\/product\/771\/revisions\/4702"}],"wp:featuredmedia":[{"embeddable":true,"href":"https:\/\/artemavitra.com\/index.php\/wp-json\/wp\/v2\/media\/772"}],"wp:attachment":[{"href":"https:\/\/artemavitra.com\/index.php\/wp-json\/wp\/v2\/media?parent=771"}],"wp:term":[{"taxonomy":"product_brand","embeddable":true,"href":"https:\/\/artemavitra.com\/index.php\/wp-json\/wp\/v2\/product_brand?post=771"},{"taxonomy":"product_cat","embeddable":true,"href":"https:\/\/artemavitra.com\/index.php\/wp-json\/wp\/v2\/product_cat?post=771"},{"taxonomy":"product_tag","embeddable":true,"href":"https:\/\/artemavitra.com\/index.php\/wp-json\/wp\/v2\/product_tag?post=771"}],"curies":[{"name":"wp","href":"https:\/\/api.w.org\/{rel}","templated":true}]}}