{"id":846,"date":"2019-12-15T00:38:57","date_gmt":"2019-12-14T21:38:57","guid":{"rendered":"http:\/\/artemavitra.com\/?post_type=product&#038;p=846"},"modified":"2024-07-22T15:44:20","modified_gmt":"2024-07-22T12:44:20","slug":"nest-trendy-led-aydinlatma-adaptoru-220v-12v-424131yp1te","status":"publish","type":"product","link":"https:\/\/artemavitra.com\/index.php\/urun\/nest-trendy-led-aydinlatma-adaptoru-220v-12v-424131yp1te\/","title":{"rendered":"Nest Trendy led ayd\u0131nlatma adapt\u00f6r\u00fc 220V-12V (424131YP1TE)"},"content":{"rendered":"<p>5685-5686-5687<\/p>\n","protected":false},"excerpt":{"rendered":"<p>5685-5686-5687<\/p>\n","protected":false},"featured_media":847,"comment_status":"open","ping_status":"closed","template":"","meta":[],"product_brand":[],"product_cat":[1056],"product_tag":[828,1068,1066,1069,1060,1065,332,1067,723,605,237,754,1061,1062,755,712],"class_list":{"0":"post-846","1":"product","2":"type-product","3":"status-publish","4":"has-post-thumbnail","6":"product_cat-elektronik-setler","7":"product_tag-12v","8":"product_tag-220v","9":"product_tag-424131yp1te","10":"product_tag-1069","11":"product_tag-1060","12":"product_tag-1065","13":"product_tag-adaptoru","14":"product_tag-aydinlatma","15":"product_tag-banyo","16":"product_tag-elektronik","17":"product_tag-led","18":"product_tag-nest","19":"product_tag-seramik","20":"product_tag-setler","21":"product_tag-trendy","22":"product_tag-urunler","24":"first","25":"outofstock","26":"shipping-taxable","27":"product-type-simple"},"jetpack_sharing_enabled":true,"_links":{"self":[{"href":"https:\/\/artemavitra.com\/index.php\/wp-json\/wp\/v2\/product\/846","targetHints":{"allow":["GET"]}}],"collection":[{"href":"https:\/\/artemavitra.com\/index.php\/wp-json\/wp\/v2\/product"}],"about":[{"href":"https:\/\/artemavitra.com\/index.php\/wp-json\/wp\/v2\/types\/product"}],"replies":[{"embeddable":true,"href":"https:\/\/artemavitra.com\/index.php\/wp-json\/wp\/v2\/comments?post=846"}],"version-history":[{"count":1,"href":"https:\/\/artemavitra.com\/index.php\/wp-json\/wp\/v2\/product\/846\/revisions"}],"predecessor-version":[{"id":4666,"href":"https:\/\/artemavitra.com\/index.php\/wp-json\/wp\/v2\/product\/846\/revisions\/4666"}],"wp:featuredmedia":[{"embeddable":true,"href":"https:\/\/artemavitra.com\/index.php\/wp-json\/wp\/v2\/media\/847"}],"wp:attachment":[{"href":"https:\/\/artemavitra.com\/index.php\/wp-json\/wp\/v2\/media?parent=846"}],"wp:term":[{"taxonomy":"product_brand","embeddable":true,"href":"https:\/\/artemavitra.com\/index.php\/wp-json\/wp\/v2\/product_brand?post=846"},{"taxonomy":"product_cat","embeddable":true,"href":"https:\/\/artemavitra.com\/index.php\/wp-json\/wp\/v2\/product_cat?post=846"},{"taxonomy":"product_tag","embeddable":true,"href":"https:\/\/artemavitra.com\/index.php\/wp-json\/wp\/v2\/product_tag?post=846"}],"curies":[{"name":"wp","href":"https:\/\/api.w.org\/{rel}","templated":true}]}}