{"id":85,"date":"2019-12-12T17:40:23","date_gmt":"2019-12-12T14:40:23","guid":{"rendered":"http:\/\/artemavitra.com\/?post_type=product&#038;p=85"},"modified":"2024-07-22T15:49:59","modified_gmt":"2024-07-22T12:49:59","slug":"damper-30k-420930yp1te","status":"publish","type":"product","link":"https:\/\/artemavitra.com\/index.php\/urun\/damper-30k-420930yp1te\/","title":{"rendered":"Damper 30k (420930YP1TE)"},"content":{"rendered":"<p>166, 66 ve 67 \u0130stanbul klozet kapa\u011f\u0131 ve bide kapa\u011f\u0131 \u00fcst kapak<br \/>\ndamperi<\/p>\n","protected":false},"excerpt":{"rendered":"<p>166, 66 ve 67 \u0130stanbul klozet kapa\u011f\u0131 ve bide kapa\u011f\u0131 \u00fcst kapak damperi<\/p>\n","protected":false},"featured_media":86,"comment_status":"open","ping_status":"closed","template":"","meta":[],"product_brand":[],"product_cat":[18],"product_tag":[153,152,150,154,155,157,151,156,22,21,20,38,39,54],"class_list":{"0":"post-85","1":"product","2":"type-product","3":"status-publish","4":"has-post-thumbnail","6":"product_cat-klozet-kapaklari","7":"product_tag-153","8":"product_tag-30k","9":"product_tag-420930yp1te","10":"product_tag-154","11":"product_tag-155","12":"product_tag-bide","13":"product_tag-damper","14":"product_tag-istanbul","15":"product_tag-kapagi","16":"product_tag-kapak","17":"product_tag-klozet","18":"product_tag-mentese","19":"product_tag-mentesesi","20":"product_tag-ust","22":"first","23":"instock","24":"shipping-taxable","25":"product-type-simple"},"jetpack_sharing_enabled":true,"_links":{"self":[{"href":"https:\/\/artemavitra.com\/index.php\/wp-json\/wp\/v2\/product\/85","targetHints":{"allow":["GET"]}}],"collection":[{"href":"https:\/\/artemavitra.com\/index.php\/wp-json\/wp\/v2\/product"}],"about":[{"href":"https:\/\/artemavitra.com\/index.php\/wp-json\/wp\/v2\/types\/product"}],"replies":[{"embeddable":true,"href":"https:\/\/artemavitra.com\/index.php\/wp-json\/wp\/v2\/comments?post=85"}],"version-history":[{"count":0,"href":"https:\/\/artemavitra.com\/index.php\/wp-json\/wp\/v2\/product\/85\/revisions"}],"wp:featuredmedia":[{"embeddable":true,"href":"https:\/\/artemavitra.com\/index.php\/wp-json\/wp\/v2\/media\/86"}],"wp:attachment":[{"href":"https:\/\/artemavitra.com\/index.php\/wp-json\/wp\/v2\/media?parent=85"}],"wp:term":[{"taxonomy":"product_brand","embeddable":true,"href":"https:\/\/artemavitra.com\/index.php\/wp-json\/wp\/v2\/product_brand?post=85"},{"taxonomy":"product_cat","embeddable":true,"href":"https:\/\/artemavitra.com\/index.php\/wp-json\/wp\/v2\/product_cat?post=85"},{"taxonomy":"product_tag","embeddable":true,"href":"https:\/\/artemavitra.com\/index.php\/wp-json\/wp\/v2\/product_tag?post=85"}],"curies":[{"name":"wp","href":"https:\/\/api.w.org\/{rel}","templated":true}]}}