{"id":852,"date":"2019-12-15T00:43:34","date_gmt":"2019-12-14T21:43:34","guid":{"rendered":"http:\/\/artemavitra.com\/?post_type=product&#038;p=852"},"modified":"2024-07-22T15:44:17","modified_gmt":"2024-07-22T12:44:17","slug":"nest-trendy-led-aydinlatma-sensor-goz-424133yp1te","status":"publish","type":"product","link":"https:\/\/artemavitra.com\/index.php\/urun\/nest-trendy-led-aydinlatma-sensor-goz-424133yp1te\/","title":{"rendered":"Nest Trendy led ayd\u0131nlatma sens\u00f6r g\u00f6z (424133YP1TE)"},"content":{"rendered":"<p>5685-5686-5687<\/p>\n","protected":false},"excerpt":{"rendered":"<p>5685-5686-5687<\/p>\n","protected":false},"featured_media":853,"comment_status":"open","ping_status":"closed","template":"","meta":[],"product_brand":[],"product_cat":[1056],"product_tag":[1073,1069,1060,1065,1067,723,605,1074,237,754,541,1061,1062,755,712],"class_list":{"0":"post-852","1":"product","2":"type-product","3":"status-publish","4":"has-post-thumbnail","6":"product_cat-elektronik-setler","7":"product_tag-424133yp1te","8":"product_tag-1069","9":"product_tag-1060","10":"product_tag-1065","11":"product_tag-aydinlatma","12":"product_tag-banyo","13":"product_tag-elektronik","14":"product_tag-goz","15":"product_tag-led","16":"product_tag-nest","17":"product_tag-sensor","18":"product_tag-seramik","19":"product_tag-setler","20":"product_tag-trendy","21":"product_tag-urunler","23":"first","24":"outofstock","25":"shipping-taxable","26":"product-type-simple"},"jetpack_sharing_enabled":true,"_links":{"self":[{"href":"https:\/\/artemavitra.com\/index.php\/wp-json\/wp\/v2\/product\/852","targetHints":{"allow":["GET"]}}],"collection":[{"href":"https:\/\/artemavitra.com\/index.php\/wp-json\/wp\/v2\/product"}],"about":[{"href":"https:\/\/artemavitra.com\/index.php\/wp-json\/wp\/v2\/types\/product"}],"replies":[{"embeddable":true,"href":"https:\/\/artemavitra.com\/index.php\/wp-json\/wp\/v2\/comments?post=852"}],"version-history":[{"count":1,"href":"https:\/\/artemavitra.com\/index.php\/wp-json\/wp\/v2\/product\/852\/revisions"}],"predecessor-version":[{"id":4662,"href":"https:\/\/artemavitra.com\/index.php\/wp-json\/wp\/v2\/product\/852\/revisions\/4662"}],"wp:featuredmedia":[{"embeddable":true,"href":"https:\/\/artemavitra.com\/index.php\/wp-json\/wp\/v2\/media\/853"}],"wp:attachment":[{"href":"https:\/\/artemavitra.com\/index.php\/wp-json\/wp\/v2\/media?parent=852"}],"wp:term":[{"taxonomy":"product_brand","embeddable":true,"href":"https:\/\/artemavitra.com\/index.php\/wp-json\/wp\/v2\/product_brand?post=852"},{"taxonomy":"product_cat","embeddable":true,"href":"https:\/\/artemavitra.com\/index.php\/wp-json\/wp\/v2\/product_cat?post=852"},{"taxonomy":"product_tag","embeddable":true,"href":"https:\/\/artemavitra.com\/index.php\/wp-json\/wp\/v2\/product_tag?post=852"}],"curies":[{"name":"wp","href":"https:\/\/api.w.org\/{rel}","templated":true}]}}