{"id":89,"date":"2019-12-12T17:47:58","date_gmt":"2019-12-12T14:47:58","guid":{"rendered":"http:\/\/artemavitra.com\/?post_type=product&#038;p=89"},"modified":"2024-07-22T15:49:58","modified_gmt":"2024-07-22T12:49:58","slug":"klozet-kapak-mentesesi-420812yp1te","status":"publish","type":"product","link":"https:\/\/artemavitra.com\/index.php\/urun\/klozet-kapak-mentesesi-420812yp1te\/","title":{"rendered":"Klozet kapak mente\u015fesi (420812YP1TE)"},"content":{"rendered":"<p>Ah\u015fap 37-XXX-001 ve 37-XXX-301 kodlar\u0131nda kullan\u0131lacakt\u0131r.<\/p>\n","protected":false},"excerpt":{"rendered":"<p>Ah\u015fap 37-XXX-001 ve 37-XXX-301 kodlar\u0131nda kullan\u0131lacakt\u0131r.<\/p>\n","protected":false},"featured_media":90,"comment_status":"open","ping_status":"closed","template":"","meta":[],"product_brand":[],"product_cat":[18],"product_tag":[118,170,169,167,168,22,21,20,171,172,173,136,135,38,39,117],"class_list":{"0":"post-89","1":"product","2":"type-product","3":"status-publish","4":"has-post-thumbnail","6":"product_cat-klozet-kapaklari","7":"product_tag-118","8":"product_tag-170","9":"product_tag-169","10":"product_tag-420812yp1te","11":"product_tag-ahsap","12":"product_tag-kapagi","13":"product_tag-kapak","14":"product_tag-klozet","15":"product_tag-kod","16":"product_tag-kodlari","17":"product_tag-kodlarinda","18":"product_tag-kullanilacaktir","19":"product_tag-kullanilir","20":"product_tag-mentese","21":"product_tag-mentesesi","22":"product_tag-xxx","24":"first","25":"instock","26":"shipping-taxable","27":"product-type-simple"},"jetpack_sharing_enabled":true,"_links":{"self":[{"href":"https:\/\/artemavitra.com\/index.php\/wp-json\/wp\/v2\/product\/89","targetHints":{"allow":["GET"]}}],"collection":[{"href":"https:\/\/artemavitra.com\/index.php\/wp-json\/wp\/v2\/product"}],"about":[{"href":"https:\/\/artemavitra.com\/index.php\/wp-json\/wp\/v2\/types\/product"}],"replies":[{"embeddable":true,"href":"https:\/\/artemavitra.com\/index.php\/wp-json\/wp\/v2\/comments?post=89"}],"version-history":[{"count":0,"href":"https:\/\/artemavitra.com\/index.php\/wp-json\/wp\/v2\/product\/89\/revisions"}],"wp:featuredmedia":[{"embeddable":true,"href":"https:\/\/artemavitra.com\/index.php\/wp-json\/wp\/v2\/media\/90"}],"wp:attachment":[{"href":"https:\/\/artemavitra.com\/index.php\/wp-json\/wp\/v2\/media?parent=89"}],"wp:term":[{"taxonomy":"product_brand","embeddable":true,"href":"https:\/\/artemavitra.com\/index.php\/wp-json\/wp\/v2\/product_brand?post=89"},{"taxonomy":"product_cat","embeddable":true,"href":"https:\/\/artemavitra.com\/index.php\/wp-json\/wp\/v2\/product_cat?post=89"},{"taxonomy":"product_tag","embeddable":true,"href":"https:\/\/artemavitra.com\/index.php\/wp-json\/wp\/v2\/product_tag?post=89"}],"curies":[{"name":"wp","href":"https:\/\/api.w.org\/{rel}","templated":true}]}}