{"id":937,"date":"2019-12-15T02:03:48","date_gmt":"2019-12-14T23:03:48","guid":{"rendered":"http:\/\/artemavitra.com\/?post_type=product&#038;p=937"},"modified":"2024-07-22T15:43:25","modified_gmt":"2024-07-22T12:43:25","slug":"seramik-tapali-sifon-639900yp1te","status":"publish","type":"product","link":"https:\/\/artemavitra.com\/index.php\/urun\/seramik-tapali-sifon-639900yp1te\/","title":{"rendered":"Seramik tapal\u0131 sifon (639900YP1TE)"},"content":{"rendered":"<p>Beyaz<br \/>\nLavabo orta armat\u00fcr deli\u011fi i\u00e7in<\/p>\n","protected":false},"excerpt":{"rendered":"<p>Beyaz Lavabo orta armat\u00fcr deli\u011fi i\u00e7in<\/p>\n","protected":false},"featured_media":938,"comment_status":"open","ping_status":"closed","template":"","meta":[],"product_brand":[],"product_cat":[1322],"product_tag":[1356,976,1329,723,44,272,1358,1330,166,975,724,967,1061,230,1212,758,1357],"class_list":{"0":"post-937","1":"product","2":"type-product","3":"status-publish","4":"has-post-thumbnail","6":"product_cat-sifon-ve-baglanti-elemanlari","7":"product_tag-639900yp1te","8":"product_tag-armatur","9":"product_tag-baglanti-eleman","10":"product_tag-banyo","11":"product_tag-beyaz","12":"product_tag-boru","13":"product_tag-deligi","14":"product_tag-elemanlari","15":"product_tag-icin","16":"product_tag-lavabo","17":"product_tag-mobilya","18":"product_tag-orta","19":"product_tag-seramik","20":"product_tag-set","21":"product_tag-setleri","22":"product_tag-sifon","23":"product_tag-tapali","25":"first","26":"outofstock","27":"shipping-taxable","28":"product-type-simple"},"jetpack_sharing_enabled":true,"_links":{"self":[{"href":"https:\/\/artemavitra.com\/index.php\/wp-json\/wp\/v2\/product\/937","targetHints":{"allow":["GET"]}}],"collection":[{"href":"https:\/\/artemavitra.com\/index.php\/wp-json\/wp\/v2\/product"}],"about":[{"href":"https:\/\/artemavitra.com\/index.php\/wp-json\/wp\/v2\/types\/product"}],"replies":[{"embeddable":true,"href":"https:\/\/artemavitra.com\/index.php\/wp-json\/wp\/v2\/comments?post=937"}],"version-history":[{"count":1,"href":"https:\/\/artemavitra.com\/index.php\/wp-json\/wp\/v2\/product\/937\/revisions"}],"predecessor-version":[{"id":4618,"href":"https:\/\/artemavitra.com\/index.php\/wp-json\/wp\/v2\/product\/937\/revisions\/4618"}],"wp:featuredmedia":[{"embeddable":true,"href":"https:\/\/artemavitra.com\/index.php\/wp-json\/wp\/v2\/media\/938"}],"wp:attachment":[{"href":"https:\/\/artemavitra.com\/index.php\/wp-json\/wp\/v2\/media?parent=937"}],"wp:term":[{"taxonomy":"product_brand","embeddable":true,"href":"https:\/\/artemavitra.com\/index.php\/wp-json\/wp\/v2\/product_brand?post=937"},{"taxonomy":"product_cat","embeddable":true,"href":"https:\/\/artemavitra.com\/index.php\/wp-json\/wp\/v2\/product_cat?post=937"},{"taxonomy":"product_tag","embeddable":true,"href":"https:\/\/artemavitra.com\/index.php\/wp-json\/wp\/v2\/product_tag?post=937"}],"curies":[{"name":"wp","href":"https:\/\/api.w.org\/{rel}","templated":true}]}}