{"id":99,"date":"2019-12-12T17:58:48","date_gmt":"2019-12-12T14:58:48","guid":{"rendered":"http:\/\/artemavitra.com\/?post_type=product&#038;p=99"},"modified":"2024-07-22T15:49:55","modified_gmt":"2024-07-22T12:49:55","slug":"yavas-kapanir-mentese-420732yp1te","status":"publish","type":"product","link":"https:\/\/artemavitra.com\/index.php\/urun\/yavas-kapanir-mentese-420732yp1te\/","title":{"rendered":"Yava\u015f kapan\u0131r mente\u015fe (420732YP1TE)"},"content":{"rendered":"<p>Retro, Turkuaz, Nuova 54-55-56-58-59-60 kapaklar i\u00e7in<\/p>\n","protected":false},"excerpt":{"rendered":"<p>Retro, Turkuaz, Nuova 54-55-56-58-59-60 kapaklar i\u00e7in<\/p>\n","protected":false},"featured_media":100,"comment_status":"open","ping_status":"closed","template":"","meta":[],"product_brand":[],"product_cat":[18],"product_tag":[185,72,73,74,75,76,77,166,22,21,165,20,38,39,142,149,27,164],"class_list":{"0":"post-99","1":"product","2":"type-product","3":"status-publish","4":"has-post-thumbnail","6":"product_cat-klozet-kapaklari","7":"product_tag-420732yp1te","8":"product_tag-72","9":"product_tag-73","10":"product_tag-74","11":"product_tag-75","12":"product_tag-76","13":"product_tag-77","14":"product_tag-icin","15":"product_tag-kapagi","16":"product_tag-kapak","17":"product_tag-kapanir","18":"product_tag-klozet","19":"product_tag-mentese","20":"product_tag-mentesesi","21":"product_tag-nuova","22":"product_tag-retro","23":"product_tag-turkuaz","24":"product_tag-yavas","26":"first","27":"instock","28":"shipping-taxable","29":"product-type-simple"},"jetpack_sharing_enabled":true,"_links":{"self":[{"href":"https:\/\/artemavitra.com\/index.php\/wp-json\/wp\/v2\/product\/99","targetHints":{"allow":["GET"]}}],"collection":[{"href":"https:\/\/artemavitra.com\/index.php\/wp-json\/wp\/v2\/product"}],"about":[{"href":"https:\/\/artemavitra.com\/index.php\/wp-json\/wp\/v2\/types\/product"}],"replies":[{"embeddable":true,"href":"https:\/\/artemavitra.com\/index.php\/wp-json\/wp\/v2\/comments?post=99"}],"version-history":[{"count":0,"href":"https:\/\/artemavitra.com\/index.php\/wp-json\/wp\/v2\/product\/99\/revisions"}],"wp:featuredmedia":[{"embeddable":true,"href":"https:\/\/artemavitra.com\/index.php\/wp-json\/wp\/v2\/media\/100"}],"wp:attachment":[{"href":"https:\/\/artemavitra.com\/index.php\/wp-json\/wp\/v2\/media?parent=99"}],"wp:term":[{"taxonomy":"product_brand","embeddable":true,"href":"https:\/\/artemavitra.com\/index.php\/wp-json\/wp\/v2\/product_brand?post=99"},{"taxonomy":"product_cat","embeddable":true,"href":"https:\/\/artemavitra.com\/index.php\/wp-json\/wp\/v2\/product_cat?post=99"},{"taxonomy":"product_tag","embeddable":true,"href":"https:\/\/artemavitra.com\/index.php\/wp-json\/wp\/v2\/product_tag?post=99"}],"curies":[{"name":"wp","href":"https:\/\/api.w.org\/{rel}","templated":true}]}}